{"id":739,"date":"2025-07-23T14:32:51","date_gmt":"2025-07-23T12:32:51","guid":{"rendered":"https:\/\/naturlik.net\/?page_id=739"},"modified":"2025-07-23T14:37:38","modified_gmt":"2025-07-23T12:37:38","slug":"datenschutz","status":"publish","type":"page","link":"https:\/\/naturlik.net\/en\/datenschutz\/","title":{"rendered":"Datenschutz"},"content":{"rendered":"<section class=\"ffb-id-8oucrrjj fg-section fg-text-dark\"><div class=\"fg-container container fg-container-large fg-container-lvl--1\"><div class=\"fg-row row\" ><div class=\"ffb-id-8oucrrjk fg-col col-xs-12 col-md-12 fg-text-dark\"><p class=\"ffb-id-8oucs33d fg-paragraph text-left    fg-text-dark\"><h1>Datenschutzerkl\u00e4rung<\/h1>\n<p><p>In dieser Datenschutzerkl\u00e4rung informieren wir Sie \u00fcber die Verarbeitung Ihrer personenbezogenen Daten.<\/p>\n<p> Sofern Sie Ihre Datenschutzeinstellungen \u00e4ndern m\u00f6chten (Einwilligungen erteilen oder bereits erteilte Einwilligungen widerrufen), klicken Sie <a target=\"_blank\" href=\"#\" class=\"sp-dsgvo-show-privacy-popup\">hier<\/a> um Ihre Einstellungen zu \u00e4ndern.<\/p>\n<h2>Verantwortlich<\/h2>\n<p>Whatavideo Ltd., Blue Serenity Complex, Villa 12, 7560 Pervolia, CY, +35799180619<\/p>\n<h2>Hosting Provider<\/h2>\n<h3>Lima City<\/h3>\n<p><p>Wir hosten unsere Website bei unserem Auftragsverarbeiter <a target=\"_blank\" href=\"https:\/\/www.lima-city.de\/\">Lima-City<\/a>, TrafficPlex GmbH, Konsul-Smidt-Str. 90, 28217 Bremen, Deutschland.<\/p>\n<p>Zum Zweck der Bereitstellung und der Auslieferung der Website werden Verbindungsdaten verarbeitet. Zum blo\u00dfen Zweck der Auslieferung und Bereitstellung der Website werden die Daten \u00fcber den Aufruf hinaus nicht gespeichert.<\/p>\n<p>Die Rechtsgrundlage f\u00fcr die Datenverarbeitung ist das berechtigte Interesse (unbedingte technische Notwendigkeit zur Bereitstellung und Auslieferung des von Ihnen durch Ihren Aufruf ausdr\u00fccklich gew\u00fcnschten Dienstes \"Website\") gem\u00e4\u00df Art. 6 Abs. 1 lit. f DSGVO.<\/p>\n<p>Zum Betrieb der Website werden die Verbindungsdaten und weitere personenbezogenen Daten zus\u00e4tzlich im Rahmen diverser anderer Funktionen bzw. Dienste verarbeitet. Dar\u00fcber wird im Rahmen dieser Datenschutzerkl\u00e4rung bei den einzelnen Funktionen bzw. Diensten im Detail informiert.<\/p>\n<\/p>\n<h2>Server Log Files<\/h2>\n<p><span><\/p>\n<p>Zum Zweck der \u00dcberwachung der technischen Funktion und zur Erh\u00f6hung der Betriebssicherheit unseres Webhosts werden Verbindungsdaten verarbeitet. Die Dauer der Verarbeitung ist auf 30 Tage beschr\u00e4nkt.<\/p>\n<p>Die Rechtsgrundlage f\u00fcr die Datenverarbeitung ist das berechtigte Interesse (unbedingte technische Notwendigkeit eines Server Log Files als grundlegende Datenbasis zur Fehleranalyse und f\u00fcr Sicherheitsma\u00dfnahmen im Rahmen des durch Ihren Aufruf ausdr\u00fccklich gew\u00fcnschten Dienstes \"Website\") gem\u00e4\u00df Art. 6 Abs. 1 lit. f DSGVO.<\/p>\n<p><\/span><\/p>\n<h2>Kontaktformular<\/h2>\n<p><p>Auf unserer Website besteht die M\u00f6glichkeit, durch ein Kontaktformular direkt mit uns in Kontakt zu treten. Nach Absenden des Kontaktformulars erfolgt eine Verarbeitung der von Ihnen eingegebenen personenbezogenen Daten durch den Verantwortlichen zum Zweck der Bearbeitung Ihrer Anfrage auf Grundlage der von Ihnen durch das Absenden des Formulars erteilten Einwilligung gem. Art. 6 Abs. 1 lit. a DSGVO bis auf Widerruf.<br \/>Es besteht keine gesetzliche oder vertragliche Verpflichtung zur Bereitstellung der personenbezogenen Daten. Die Nichtbereitstellung hat lediglich zur Folge, dass Sie Ihr Anliegen nicht \u00fcbermitteln und wir dieses nicht bearbeiten k\u00f6nnen.<\/p>\n<\/p>\n<h2>Web Shop<\/h2>\n<p><p>Wir bieten Ihnen die M\u00f6glichkeit, Produkte direkt \u00fcber unseren Webshop zu erwerben. Im Rahmen des Webshops erfolgt eine Verarbeitung der von Ihnen eingegebenen Daten sowie Daten zu von Ihnen ausgew\u00e4hlten Produkten durch den Verantwortlichen zur Durchf\u00fchrung der Angebotslegung, des Vertragsabschlusses, der Vertragserf\u00fcllung sowie zur Erf\u00fcllung eventueller nachvertraglicher Verpflichtungen vor Vertragsabschluss auf Grundlage des von Ihnen initiierten vorvertraglichen Verh\u00e4ltnisses und nach Vertragsabschluss aufgrund des Vertrages gem. Art. 6 Abs. 1 lit. b DSGVO.<\/p>\n<p>Sofern der Kauf unserer Produkte \u00fcber einen bereits bestehenden Kunden-Account erfolgt ist oder ein Kunden-Account zur Abwicklung des Kaufs erstellt wurde, erfolgt die Verarbeitung Ihrer personenbezogenen Daten bis zur L\u00f6schung Ihres Kunden-Accounts.<\/p>\n<p>Bei Kunden, welche unsere Produkte \u00fcber ein Gast-Profil erworben haben, erfolgt die Verarbeitung Ihrer personenbezogenen Daten bis zum Ablauf der gesetzlichen Aufbewahrungspflichten.<\/p>\n<p> Es erfolgt eine mit dem Zweck der Vertragserf\u00fcllung zu vereinbarende Weiterverarbeitung Ihrer Daten zum Zweck des Direktmarketings in nicht einwilligungspflichtigen Formen wie dem adressierten postalischen Versand von Werbung bis auf Widerspruch.<\/p>\n<p>Es besteht keine gesetzliche oder vertragliche Verpflichtung zur Bereitstellung der personenbezogenen Daten. Die Bereitstellung ist jedoch zum Vertragsabschluss erforderlich. Die Nichtbereitstellung hat zur Folge, dass kein Vertragsabschluss erfolgen kann.<\/p>\n<p>Warenk\u00f6rbe von nicht registrierten Benutzern werden nach l\u00e4ngstens 14 Tagen gel\u00f6scht. Die Benutzerkonten registrierter Benutzer bleiben bis zur L\u00f6schung des Kontos durch den Benutzer bestehen. Vertragsdaten werden bis zur Verj\u00e4hrung m\u00f6glicher nachvertraglicher Verpflichtungen verarbeitet. <\/p>\n<\/p>\n<h2>Widerspruchsrecht<\/h2>\n<p><p>Sofern die Verarbeitung Ihrer personenbezogenen Daten auf Grundlage des berechtigten Interesses erfolgt, haben Sie das Recht gegen diese Verarbeitung zu widersprechen.<\/p>\n<p>Sofern keine zwingenden schutzw\u00fcrdigen Gr\u00fcnde f\u00fcr die Verarbeitung unsererseits vorliegen, wird die Verarbeitung Ihrer Daten auf Basis dieser Rechtsgrundlage eingestellt.<\/p>\n<p>Zudem haben Sie das Recht, der Verarbeitung Ihrer personenbezogenen Daten zum Zweck der Direktwerbung zu widersprechen. Im Fall des Widerspruchs werden Ihre personenbezogenen Daten nicht mehr zum Zweck der Direktwerbung verarbeitet.<\/p>\n<p>Die Rechtm\u00e4\u00dfigkeit der bis zum Widerspruch verarbeiteten Daten wird durch den Widerspruch nicht ber\u00fchrt.<\/p>\n<\/p>\n<h2>Widerrufsrecht<\/h2>\n<p><p>Sie haben das Recht eine bereits erteilte Einwilligung jederzeit zu widerrufen, indem Sie die <a target=\"_blank\" class=\"lwb-ppsp\" href=\"#\" title=\"Datenschutzeinstellungen\">Datenschutzeinstellungen<\/a> \u00e4ndern.<\/p>\n<p>Im Fall der Einwilligung in den Erhalt elektronischer Werbung kann der Widerruf Ihrer Einwilligung durch Klick auf den Abmeldelink erfolgen. In diesem Fall wird eine Verarbeitung, sofern keine andere Rechtsgrundlage besteht, eingestellt.<\/p>\n<p>Die Rechtm\u00e4\u00dfigkeit der bis zum Widerruf verarbeiteten Daten wird durch den Widerruf nicht ber\u00fchrt.<\/p>\n<\/p>\n<h2>Betroffenenrechte<\/h2>\n<p><p>Sie haben zudem das Recht auf Auskunft, Berichtigung, L\u00f6schung und Einschr\u00e4nkung der Verarbeitung der personenbezogenen Daten.<\/p>\n<p>Soweit die Rechtsgrundlage der Verarbeitung Ihrer personenbezogenen Daten in Ihrer Einwilligung oder in einem mit Ihnen abgeschlossenen Vertrag besteht, haben Sie \u00fcberdies das Recht auf Daten\u00fcbertragbarkeit. <\/p>\n<p>Weiters haben Sie das Recht auf Beschwerde bei der Aufsichtsbeh\u00f6rde. N\u00e4here Informationen zu den Aufsichtsbeh\u00f6rden in der Europ\u00e4ischen Union finden Sie <a target=\"_blank\" href=\"https:\/\/ec.europa.eu\/justice\/article-29\/structure\/data-protection-authorities\/index_en.htm\" title=\"Datenschutzbeh\u00f6rden\">hier<\/a>.<\/p><\/p>\n<\/p><\/div><\/div><\/div><\/section><style><\/style><script type=\"text\/javascript\"><\/script>","protected":false},"excerpt":{"rendered":"","protected":false},"author":1,"featured_media":0,"parent":0,"menu_order":0,"comment_status":"closed","ping_status":"closed","template":"","meta":{"_acf_changed":false,"footnotes":""},"class_list":["post-739","page","type-page","status-publish","hentry","post-wrapper"],"acf":[],"yoast_head":"<!-- This site is optimized with the Yoast SEO plugin v27.4 - https:\/\/yoast.com\/product\/yoast-seo-wordpress\/ -->\n<title>Datenschutz - naturlik<\/title>\n<meta name=\"robots\" content=\"index, follow, max-snippet:-1, max-image-preview:large, max-video-preview:-1\" \/>\n<link rel=\"canonical\" href=\"https:\/\/naturlik.net\/en\/datenschutz\/\" \/>\n<meta property=\"og:locale\" content=\"en_GB\" \/>\n<meta property=\"og:type\" content=\"article\" \/>\n<meta property=\"og:title\" content=\"Datenschutz - naturlik\" \/>\n<meta property=\"og:url\" content=\"https:\/\/naturlik.net\/en\/datenschutz\/\" \/>\n<meta property=\"og:site_name\" content=\"naturlik\" \/>\n<meta property=\"article:publisher\" content=\"https:\/\/www.facebook.com\/naturlik.net\/\" \/>\n<meta property=\"article:modified_time\" content=\"2025-07-23T12:37:38+00:00\" \/>\n<script type=\"application\/ld+json\" class=\"yoast-schema-graph\">{\"@context\":\"https:\\\/\\\/schema.org\",\"@graph\":[{\"@type\":\"WebPage\",\"@id\":\"https:\\\/\\\/naturlik.net\\\/datenschutz\\\/\",\"url\":\"https:\\\/\\\/naturlik.net\\\/datenschutz\\\/\",\"name\":\"Datenschutz - naturlik\",\"isPartOf\":{\"@id\":\"https:\\\/\\\/naturlik.net\\\/#website\"},\"datePublished\":\"2025-07-23T12:32:51+00:00\",\"dateModified\":\"2025-07-23T12:37:38+00:00\",\"breadcrumb\":{\"@id\":\"https:\\\/\\\/naturlik.net\\\/datenschutz\\\/#breadcrumb\"},\"inLanguage\":\"en-GB\",\"potentialAction\":[{\"@type\":\"ReadAction\",\"target\":[\"https:\\\/\\\/naturlik.net\\\/datenschutz\\\/\"]}]},{\"@type\":\"BreadcrumbList\",\"@id\":\"https:\\\/\\\/naturlik.net\\\/datenschutz\\\/#breadcrumb\",\"itemListElement\":[{\"@type\":\"ListItem\",\"position\":1,\"name\":\"Startseite\",\"item\":\"https:\\\/\\\/naturlik.net\\\/\"},{\"@type\":\"ListItem\",\"position\":2,\"name\":\"Datenschutz\"}]},{\"@type\":\"WebSite\",\"@id\":\"https:\\\/\\\/naturlik.net\\\/#website\",\"url\":\"https:\\\/\\\/naturlik.net\\\/\",\"name\":\"naturlik\",\"description\":\"praktisch, modern, nat\u00fcrlich\",\"potentialAction\":[{\"@type\":\"SearchAction\",\"target\":{\"@type\":\"EntryPoint\",\"urlTemplate\":\"https:\\\/\\\/naturlik.net\\\/?s={search_term_string}\"},\"query-input\":{\"@type\":\"PropertyValueSpecification\",\"valueRequired\":true,\"valueName\":\"search_term_string\"}}],\"inLanguage\":\"en-GB\"}]}<\/script>\n<!-- \/ Yoast SEO plugin. -->","yoast_head_json":{"title":"Datenschutz - naturlik","robots":{"index":"index","follow":"follow","max-snippet":"max-snippet:-1","max-image-preview":"max-image-preview:large","max-video-preview":"max-video-preview:-1"},"canonical":"https:\/\/naturlik.net\/en\/datenschutz\/","og_locale":"en_GB","og_type":"article","og_title":"Datenschutz - naturlik","og_url":"https:\/\/naturlik.net\/en\/datenschutz\/","og_site_name":"naturlik","article_publisher":"https:\/\/www.facebook.com\/naturlik.net\/","article_modified_time":"2025-07-23T12:37:38+00:00","schema":{"@context":"https:\/\/schema.org","@graph":[{"@type":"WebPage","@id":"https:\/\/naturlik.net\/datenschutz\/","url":"https:\/\/naturlik.net\/datenschutz\/","name":"Datenschutz - naturlik","isPartOf":{"@id":"https:\/\/naturlik.net\/#website"},"datePublished":"2025-07-23T12:32:51+00:00","dateModified":"2025-07-23T12:37:38+00:00","breadcrumb":{"@id":"https:\/\/naturlik.net\/datenschutz\/#breadcrumb"},"inLanguage":"en-GB","potentialAction":[{"@type":"ReadAction","target":["https:\/\/naturlik.net\/datenschutz\/"]}]},{"@type":"BreadcrumbList","@id":"https:\/\/naturlik.net\/datenschutz\/#breadcrumb","itemListElement":[{"@type":"ListItem","position":1,"name":"Startseite","item":"https:\/\/naturlik.net\/"},{"@type":"ListItem","position":2,"name":"Datenschutz"}]},{"@type":"WebSite","@id":"https:\/\/naturlik.net\/#website","url":"https:\/\/naturlik.net\/","name":"naturlik","description":"praktisch, modern, nat\u00fcrlich","potentialAction":[{"@type":"SearchAction","target":{"@type":"EntryPoint","urlTemplate":"https:\/\/naturlik.net\/?s={search_term_string}"},"query-input":{"@type":"PropertyValueSpecification","valueRequired":true,"valueName":"search_term_string"}}],"inLanguage":"en-GB"}]}},"_links":{"self":[{"href":"https:\/\/naturlik.net\/en\/wp-json\/wp\/v2\/pages\/739","targetHints":{"allow":["GET"]}}],"collection":[{"href":"https:\/\/naturlik.net\/en\/wp-json\/wp\/v2\/pages"}],"about":[{"href":"https:\/\/naturlik.net\/en\/wp-json\/wp\/v2\/types\/page"}],"author":[{"embeddable":true,"href":"https:\/\/naturlik.net\/en\/wp-json\/wp\/v2\/users\/1"}],"replies":[{"embeddable":true,"href":"https:\/\/naturlik.net\/en\/wp-json\/wp\/v2\/comments?post=739"}],"version-history":[{"count":2,"href":"https:\/\/naturlik.net\/en\/wp-json\/wp\/v2\/pages\/739\/revisions"}],"predecessor-version":[{"id":741,"href":"https:\/\/naturlik.net\/en\/wp-json\/wp\/v2\/pages\/739\/revisions\/741"}],"wp:attachment":[{"href":"https:\/\/naturlik.net\/en\/wp-json\/wp\/v2\/media?parent=739"}],"curies":[{"name":"wp","href":"https:\/\/api.w.org\/{rel}","templated":true}]}}