{"id":719,"date":"2025-07-23T11:00:41","date_gmt":"2025-07-23T09:00:41","guid":{"rendered":"https:\/\/naturlik.net\/?post_type=product&#038;p=719"},"modified":"2026-03-23T10:42:34","modified_gmt":"2026-03-23T09:42:34","slug":"naturlik-messerblock-ohne-messer","status":"publish","type":"product","link":"https:\/\/naturlik.net\/en\/product\/naturlik-messerblock-ohne-messer\/","title":{"rendered":"naturlik knife block"},"content":{"rendered":"<p><section class=\"ffb-id-6fhlc6ol fg-section fg-text-dark\"><div class=\"fg-container container fg-container-medium fg-container-lvl--1\"><div class=\"fg-row row\" ><div class=\"ffb-id-6fhlc6om fg-col col-xs-12 col-md-12 fg-text-dark\"><img decoding=\"async\" class=\"ffb-id-6fhlc6ot fg-image  img-responsive full-width fg-text-dark\" src=\"https:\/\/naturlik.net\/wp-content\/uploads\/2023\/06\/messerblock-DE_EBC-Banner-.jpg\" alt=\"naturlik Messerblock magnetisch inkl. 5-teiliges Kochl\u00f6ffel-Set\" title=\"https:\/\/naturlik.net\/wp-content\/uploads\/2023\/09\/EBC-Banner-2.jpg\"><\/div><\/div><\/div><\/section><style>.ffb-id-6fhlc6ot{ margin-top: 40px;margin-bottom: 20px;}<\/style><script type=\"text\/javascript\"><\/script><section class=\"ffb-id-6fhlgal7 fg-section fg-text-dark\"><div class=\"fg-container container fg-container-medium fg-container-lvl--1\"><div class=\"fg-row row\" ><div class=\"ffb-id-6fhlgal8 fg-col col-xs-12 col-md-12 fg-text-dark\"><img decoding=\"async\" class=\"ffb-id-6fhlgalc fg-image  img-responsive full-width fg-text-dark\" src=\"https:\/\/naturlik.net\/wp-content\/uploads\/2023\/06\/messerblock-DE_EBC-Banner-1.jpg\" alt=\"naturlik messerblock bambus\" title=\"https:\/\/naturlik.net\/wp-content\/uploads\/2023\/09\/EBC-Banner-2.jpg\"><\/div><\/div><\/div><\/section><style>.ffb-id-6fhlc6ot{ \nmargin-top: 40px;\nmargin-bottom: 20px;\n\n}\n.ffb-id-6fhlgalc{ margin-top: 20px;}<\/style><script type=\"text\/javascript\"><\/script><section class=\"ffb-id-6fhk7688 fg-section fg-text-dark\"><div class=\"fg-container container fg-container-large fg-container-lvl--1\"><div class=\"fg-row row\" ><div class=\"ffb-id-6fhk7689 fg-col col-xs-12 col-md-12 fg-text-dark\"><div class=\"ffb-id-6fhk7k0v fg-video fg-text-dark\"><div class=\"embed-video-external fg-text-dark ffb-external-1\"><div class=\"embed-responsive\"><iframe\tclass=\"iframe-defer embed-responsive-item\" title=\"naturlik Messerblock magnetisch\" width=\"1140\" height=\"641\" data-src=\"https:\/\/www.youtube.com\/embed\/o8SUOdN19O8?feature=oembed\" frameborder=\"0\" allow=\"accelerometer; autoplay; clipboard-write; encrypted-media; gyroscope; picture-in-picture; web-share\" referrerpolicy=\"strict-origin-when-cross-origin\" allowfullscreen><\/iframe><\/div><\/div><\/div><\/div><\/div><\/div><\/section><style>.ffb-id-6fhlgalc{ \nmargin-top: 20px;\n\n}\n.ffb-id-6fhk7k0v .ffb-external-1 .embed-responsive{ padding-bottom:56.25%;}<\/style><script type=\"text\/javascript\"><\/script><section class=\"ffb-id-8osrb3nc fg-section fg-text-dark\"><div class=\"fg-container container fg-container-large fg-container-lvl--1\"><div class=\"fg-row row\" ><div class=\"ffb-id-8osrb3nd fg-col col-xs-12 col-md-12 fg-text-dark\"><div class=\"ffb-id-8ou1c069 fg-paragraph ff-richtext text-left    fg-text-dark\"><\/p>\n<h3><strong>No more searching for knives, cooking spoons, or spatulas!<\/strong><\/h3>\n<p>The 2 in 1 naturlik knife and utensil holder makes your kitchen more efficient! This way, you save a lot of time while cooking. With the magnetic knife holder, everything is right where you need it and neatly stored.<\/p>\n<h3><strong>Accessories:<\/strong><\/h3>\n<p>The knife block offers space not only for your knives but also for the practical cooking spoon set (including tongs). The five-piece cooking set is included in the delivery and makes cooking a pleasure.<\/p>\n<p>The included wooden cooking utensils are also suitable for non-stick pans \u2013 no scratching like with metal, no unhealthy abrasion like with plastic: cooking spoon, salad utensils, spatula, slotted spoon, stirring spoon, and tongs (for toast, salad, meat).<\/p>\n<p><strong>Knives are not included in the delivery!<\/strong><\/p>\n<p><\/div><\/div><\/div><\/div><\/section><style>.ffb-id-6fhk7k0v .ffb-external-1 .embed-responsive{ \npadding-bottom:56.25%;\n}\n.ffb-id-8ou1c069{ font-size: 20px !important;}.ffb-id-8ou1c069 ,.ffb-id-8ou1c069:before,.ffb-id-8ou1c069:after,.ffb-id-8ou1c069:hover,.ffb-id-8ou1c069:focus,.ffb-id-8ou1c069 *,.ffb-id-8ou1c069 *:before,.ffb-id-8ou1c069 *:after,.ffb-id-8ou1c069 *:hover,.ffb-id-8ou1c069 *:focus{ font-size: 20px !important;}<\/style><script type=\"text\/javascript\"><\/script><\/p>","protected":false},"excerpt":{"rendered":"<div id=\"featurebullets_feature_div\" class=\"celwidget\" data-feature-name=\"featurebullets\" data-csa-c-type=\"widget\" data-csa-c-content-id=\"featurebullets\" data-csa-c-slot-id=\"featurebullets_feature_div\" data-csa-c-asin=\"B0B3JCK537\" data-csa-c-is-in-initial-active-row=\"false\" data-csa-c-id=\"u8tjzb-4watu5-qnv3ra-j08rca\">\n<div id=\"feature-bullets\" class=\"a-section a-spacing-medium a-spacing-top-small\">\n<ul class=\"a-unordered-list a-vertical a-spacing-mini\">\n<li class=\"a-spacing-mini\"><span class=\"a-list-item\">2 IN 1 \u2013 Innovative and clever design sets this magnetic knife block apart from the competition: The naturlik kitchen organizer offers space not only for your knives (not included) but also for the included cooking spoon set.<\/span><\/li>\n<li class=\"a-spacing-mini\"><span class=\"a-list-item\">INCL. COOKING SPOON SET \u2013 The delivery includes a 5-piece cooking spoon set (with tongs) \u2013 perfectly fitting the integrated utensil holder.<\/span><\/li>\n<li class=\"a-spacing-mini\"><span class=\"a-list-item\">PATENTED DESIGN \u2013 Thanks to its well-thought-out shape, the magnetic knife holder is stable and tip-resistant. The ideal size of 29.5x10x23 cm offers enough space for your knives as well as cooking spoons.<\/span><\/li>\n<li class=\"a-spacing-mini\"><span class=\"a-list-item\">ORGANIZATION \u2013 With the naturlik magnetic knife block, you always have the right utensils at hand and neatly stored \u2013 no more searching for knives, cooking spoons, or spatulas!<\/span><\/li>\n<li class=\"a-spacing-mini\"><span class=\"a-list-item\">100% SATISFACTION GUARANTEE - At naturlik, we strive for 100% customer satisfaction. Therefore, we will refund the full purchase price in case of dissatisfaction - no ifs, ands or buts! The order is therefore absolutely risk-free for you.<\/span><\/li>\n<\/ul>\n<\/div>\n<\/div>","protected":false},"featured_media":720,"template":"","meta":{"_acf_changed":false},"product_brand":[],"product_cat":[16],"product_tag":[49],"class_list":{"0":"post-719","1":"product","2":"type-product","3":"status-publish","4":"has-post-thumbnail","6":"product_cat-unkategorisiert","7":"product_tag-messerblock","8":"product_shipping_class-cyprus-free-delivery","9":"post-wrapper","11":"first","12":"instock","13":"sale","14":"taxable","15":"shipping-taxable","16":"purchasable","17":"product-type-simple"},"acf":[],"yoast_head":"<!-- This site is optimized with the Yoast SEO plugin v27.4 - https:\/\/yoast.com\/product\/yoast-seo-wordpress\/ -->\n<title>naturlik Messerblock - naturlik<\/title>\n<meta name=\"robots\" content=\"index, follow, max-snippet:-1, max-image-preview:large, max-video-preview:-1\" \/>\n<link rel=\"canonical\" href=\"https:\/\/naturlik.net\/en\/product\/naturlik-messerblock-ohne-messer\/\" \/>\n<meta property=\"og:locale\" content=\"en_GB\" \/>\n<meta property=\"og:type\" content=\"article\" \/>\n<meta property=\"og:title\" content=\"naturlik Messerblock - naturlik\" \/>\n<meta property=\"og:description\" content=\"2 IN 1 - Neuartiges und cleveres Design unterscheidet diesen magnetischen Messerblock von der Konkurrenz: Der naturlik K\u00fcchen Organizer bietet nicht nur Platz f\u00fcr deine Messer (nicht enthalten), sondern auch f\u00fcr das inkludierte Kochl\u00f6ffel-Set.  INKL. KOCHL\u00d6FFEL-SET - Im Lieferumfang ist ein 5-teiliges Kochl\u00f6ffel-Set (mit Zange) enthalten - perfekt passend f\u00fcr den integrierten Utensilienhalter.  PATENTIERTES DESIGN - Durch die durchdachte Form ist der Magnet Messerhalter standfest und kippsicher. Die ideale Gr\u00f6\u00dfe von 29,5x10x23 cm bietet genug Platz f\u00fcr deine Messer sowie Kochl\u00f6ffel.  ORDNUNG - Mit dem naturlik Magnet Messerblock hast du jederzeit die passenden Utensilien griffbereit und sauber verstaut - Kein Suchen nach Messer, Kochl\u00f6ffel oder Pfannenwender mehr!  100% ZUFRIEDENHEITSGARANTIE - Wir von naturlik streben 100% Kundenzufriedenheit an. Deshalb erstatten wir Ihnen bei Unzufriedenheit den vollen Kaufpreis - ohne Wenn und Aber! Die Bestellung ist f\u00fcr Sie somit absolut risikofrei.\" \/>\n<meta property=\"og:url\" content=\"https:\/\/naturlik.net\/en\/product\/naturlik-messerblock-ohne-messer\/\" \/>\n<meta property=\"og:site_name\" content=\"naturlik\" \/>\n<meta property=\"article:publisher\" content=\"https:\/\/www.facebook.com\/naturlik.net\/\" \/>\n<meta property=\"article:modified_time\" content=\"2026-03-23T09:42:34+00:00\" \/>\n<meta property=\"og:image\" content=\"https:\/\/naturlik.net\/wp-content\/uploads\/2025\/07\/B09PV733PY.MAIN_.jpg\" \/>\n\t<meta property=\"og:image:width\" content=\"2000\" \/>\n\t<meta property=\"og:image:height\" content=\"2000\" \/>\n\t<meta property=\"og:image:type\" content=\"image\/jpeg\" \/>\n<script type=\"application\/ld+json\" class=\"yoast-schema-graph\">{\"@context\":\"https:\\\/\\\/schema.org\",\"@graph\":[{\"@type\":\"WebPage\",\"@id\":\"https:\\\/\\\/naturlik.net\\\/produkt\\\/naturlik-messerblock-ohne-messer\\\/\",\"url\":\"https:\\\/\\\/naturlik.net\\\/produkt\\\/naturlik-messerblock-ohne-messer\\\/\",\"name\":\"naturlik Messerblock - naturlik\",\"isPartOf\":{\"@id\":\"https:\\\/\\\/naturlik.net\\\/#website\"},\"primaryImageOfPage\":{\"@id\":\"https:\\\/\\\/naturlik.net\\\/produkt\\\/naturlik-messerblock-ohne-messer\\\/#primaryimage\"},\"image\":{\"@id\":\"https:\\\/\\\/naturlik.net\\\/produkt\\\/naturlik-messerblock-ohne-messer\\\/#primaryimage\"},\"thumbnailUrl\":\"https:\\\/\\\/naturlik.net\\\/wp-content\\\/uploads\\\/2025\\\/07\\\/B09PV733PY.MAIN_.jpg\",\"datePublished\":\"2025-07-23T09:00:41+00:00\",\"dateModified\":\"2026-03-23T09:42:34+00:00\",\"breadcrumb\":{\"@id\":\"https:\\\/\\\/naturlik.net\\\/produkt\\\/naturlik-messerblock-ohne-messer\\\/#breadcrumb\"},\"inLanguage\":\"en-GB\",\"potentialAction\":[{\"@type\":\"ReadAction\",\"target\":[\"https:\\\/\\\/naturlik.net\\\/produkt\\\/naturlik-messerblock-ohne-messer\\\/\"]}]},{\"@type\":\"ImageObject\",\"inLanguage\":\"en-GB\",\"@id\":\"https:\\\/\\\/naturlik.net\\\/produkt\\\/naturlik-messerblock-ohne-messer\\\/#primaryimage\",\"url\":\"https:\\\/\\\/naturlik.net\\\/wp-content\\\/uploads\\\/2025\\\/07\\\/B09PV733PY.MAIN_.jpg\",\"contentUrl\":\"https:\\\/\\\/naturlik.net\\\/wp-content\\\/uploads\\\/2025\\\/07\\\/B09PV733PY.MAIN_.jpg\",\"width\":2000,\"height\":2000,\"caption\":\"naturlik Messerblock\"},{\"@type\":\"BreadcrumbList\",\"@id\":\"https:\\\/\\\/naturlik.net\\\/produkt\\\/naturlik-messerblock-ohne-messer\\\/#breadcrumb\",\"itemListElement\":[{\"@type\":\"ListItem\",\"position\":1,\"name\":\"Startseite\",\"item\":\"https:\\\/\\\/naturlik.net\\\/\"},{\"@type\":\"ListItem\",\"position\":2,\"name\":\"Shop\",\"item\":\"https:\\\/\\\/naturlik.net\\\/shop\\\/\"},{\"@type\":\"ListItem\",\"position\":3,\"name\":\"naturlik Messerblock\"}]},{\"@type\":\"WebSite\",\"@id\":\"https:\\\/\\\/naturlik.net\\\/#website\",\"url\":\"https:\\\/\\\/naturlik.net\\\/\",\"name\":\"naturlik\",\"description\":\"praktisch, modern, nat\u00fcrlich\",\"potentialAction\":[{\"@type\":\"SearchAction\",\"target\":{\"@type\":\"EntryPoint\",\"urlTemplate\":\"https:\\\/\\\/naturlik.net\\\/?s={search_term_string}\"},\"query-input\":{\"@type\":\"PropertyValueSpecification\",\"valueRequired\":true,\"valueName\":\"search_term_string\"}}],\"inLanguage\":\"en-GB\"}]}<\/script>\n<!-- \/ Yoast SEO plugin. -->","yoast_head_json":{"title":"naturlik Messerblock - naturlik","robots":{"index":"index","follow":"follow","max-snippet":"max-snippet:-1","max-image-preview":"max-image-preview:large","max-video-preview":"max-video-preview:-1"},"canonical":"https:\/\/naturlik.net\/en\/product\/naturlik-messerblock-ohne-messer\/","og_locale":"en_GB","og_type":"article","og_title":"naturlik Messerblock - naturlik","og_description":"2 IN 1 - Neuartiges und cleveres Design unterscheidet diesen magnetischen Messerblock von der Konkurrenz: Der naturlik K\u00fcchen Organizer bietet nicht nur Platz f\u00fcr deine Messer (nicht enthalten), sondern auch f\u00fcr das inkludierte Kochl\u00f6ffel-Set.  INKL. KOCHL\u00d6FFEL-SET - Im Lieferumfang ist ein 5-teiliges Kochl\u00f6ffel-Set (mit Zange) enthalten - perfekt passend f\u00fcr den integrierten Utensilienhalter.  PATENTIERTES DESIGN - Durch die durchdachte Form ist der Magnet Messerhalter standfest und kippsicher. Die ideale Gr\u00f6\u00dfe von 29,5x10x23 cm bietet genug Platz f\u00fcr deine Messer sowie Kochl\u00f6ffel.  ORDNUNG - Mit dem naturlik Magnet Messerblock hast du jederzeit die passenden Utensilien griffbereit und sauber verstaut - Kein Suchen nach Messer, Kochl\u00f6ffel oder Pfannenwender mehr!  100% ZUFRIEDENHEITSGARANTIE - Wir von naturlik streben 100% Kundenzufriedenheit an. Deshalb erstatten wir Ihnen bei Unzufriedenheit den vollen Kaufpreis - ohne Wenn und Aber! Die Bestellung ist f\u00fcr Sie somit absolut risikofrei.","og_url":"https:\/\/naturlik.net\/en\/product\/naturlik-messerblock-ohne-messer\/","og_site_name":"naturlik","article_publisher":"https:\/\/www.facebook.com\/naturlik.net\/","article_modified_time":"2026-03-23T09:42:34+00:00","og_image":[{"width":2000,"height":2000,"url":"https:\/\/naturlik.net\/wp-content\/uploads\/2025\/07\/B09PV733PY.MAIN_.jpg","type":"image\/jpeg"}],"schema":{"@context":"https:\/\/schema.org","@graph":[{"@type":"WebPage","@id":"https:\/\/naturlik.net\/produkt\/naturlik-messerblock-ohne-messer\/","url":"https:\/\/naturlik.net\/produkt\/naturlik-messerblock-ohne-messer\/","name":"naturlik Messerblock - naturlik","isPartOf":{"@id":"https:\/\/naturlik.net\/#website"},"primaryImageOfPage":{"@id":"https:\/\/naturlik.net\/produkt\/naturlik-messerblock-ohne-messer\/#primaryimage"},"image":{"@id":"https:\/\/naturlik.net\/produkt\/naturlik-messerblock-ohne-messer\/#primaryimage"},"thumbnailUrl":"https:\/\/naturlik.net\/wp-content\/uploads\/2025\/07\/B09PV733PY.MAIN_.jpg","datePublished":"2025-07-23T09:00:41+00:00","dateModified":"2026-03-23T09:42:34+00:00","breadcrumb":{"@id":"https:\/\/naturlik.net\/produkt\/naturlik-messerblock-ohne-messer\/#breadcrumb"},"inLanguage":"en-GB","potentialAction":[{"@type":"ReadAction","target":["https:\/\/naturlik.net\/produkt\/naturlik-messerblock-ohne-messer\/"]}]},{"@type":"ImageObject","inLanguage":"en-GB","@id":"https:\/\/naturlik.net\/produkt\/naturlik-messerblock-ohne-messer\/#primaryimage","url":"https:\/\/naturlik.net\/wp-content\/uploads\/2025\/07\/B09PV733PY.MAIN_.jpg","contentUrl":"https:\/\/naturlik.net\/wp-content\/uploads\/2025\/07\/B09PV733PY.MAIN_.jpg","width":2000,"height":2000,"caption":"naturlik Messerblock"},{"@type":"BreadcrumbList","@id":"https:\/\/naturlik.net\/produkt\/naturlik-messerblock-ohne-messer\/#breadcrumb","itemListElement":[{"@type":"ListItem","position":1,"name":"Startseite","item":"https:\/\/naturlik.net\/"},{"@type":"ListItem","position":2,"name":"Shop","item":"https:\/\/naturlik.net\/shop\/"},{"@type":"ListItem","position":3,"name":"naturlik Messerblock"}]},{"@type":"WebSite","@id":"https:\/\/naturlik.net\/#website","url":"https:\/\/naturlik.net\/","name":"naturlik","description":"praktisch, modern, nat\u00fcrlich","potentialAction":[{"@type":"SearchAction","target":{"@type":"EntryPoint","urlTemplate":"https:\/\/naturlik.net\/?s={search_term_string}"},"query-input":{"@type":"PropertyValueSpecification","valueRequired":true,"valueName":"search_term_string"}}],"inLanguage":"en-GB"}]}},"_links":{"self":[{"href":"https:\/\/naturlik.net\/en\/wp-json\/wp\/v2\/product\/719","targetHints":{"allow":["GET"]}}],"collection":[{"href":"https:\/\/naturlik.net\/en\/wp-json\/wp\/v2\/product"}],"about":[{"href":"https:\/\/naturlik.net\/en\/wp-json\/wp\/v2\/types\/product"}],"wp:featuredmedia":[{"embeddable":true,"href":"https:\/\/naturlik.net\/en\/wp-json\/wp\/v2\/media\/720"}],"wp:attachment":[{"href":"https:\/\/naturlik.net\/en\/wp-json\/wp\/v2\/media?parent=719"}],"wp:term":[{"taxonomy":"product_brand","embeddable":true,"href":"https:\/\/naturlik.net\/en\/wp-json\/wp\/v2\/product_brand?post=719"},{"taxonomy":"product_cat","embeddable":true,"href":"https:\/\/naturlik.net\/en\/wp-json\/wp\/v2\/product_cat?post=719"},{"taxonomy":"product_tag","embeddable":true,"href":"https:\/\/naturlik.net\/en\/wp-json\/wp\/v2\/product_tag?post=719"}],"curies":[{"name":"wp","href":"https:\/\/api.w.org\/{rel}","templated":true}]}}